{"id":2566,"date":"2025-12-03T10:00:00","date_gmt":"2025-12-03T10:00:00","guid":{"rendered":"https:\/\/tbartet.mkmp1.com.es\/tbartetwp\/?page_id=2566"},"modified":"2025-12-06T14:27:58","modified_gmt":"2025-12-06T14:27:58","slug":"politica-de-cookies","status":"publish","type":"page","link":"https:\/\/tbartet.mkmp1.com.es\/tbartetwp\/politica-de-cookies\/","title":{"rendered":"Pol\u00edtica de Cookies"},"content":{"rendered":"\t\t<div data-elementor-type=\"wp-page\" data-elementor-id=\"2566\" class=\"elementor elementor-2566\">\n\t\t\t\t<div class=\"elementor-element elementor-element-4f2aae6c e-flex e-con-boxed e-con e-parent\" data-id=\"4f2aae6c\" data-element_type=\"container\">\n\t\t\t\t\t<div class=\"e-con-inner\">\n\t\t\t\t<div class=\"elementor-element elementor-element-70cb8e0a elementor-widget elementor-widget-text-editor\" data-id=\"70cb8e0a\" data-element_type=\"widget\" data-widget_type=\"text-editor.default\">\n\t\t\t\t<div class=\"elementor-widget-container\">\n\t\t\t\t\t\t\t\t\t\n<div class=\"cookies-content\">\n<p>En Aglami utilizamos cookies propias y de terceros para mejorar nuestros servicios y mostrarle publicidad relacionada con sus preferencias mediante el an\u00e1lisis de sus h\u00e1bitos de navegaci\u00f3n.<\/p>\n<h4><span class=\"ez-toc-section\" id=\"%C2%BFQue_son_las_cookies\"><\/span><strong>\u00bfQu\u00e9 son las cookies?<\/strong><span class=\"ez-toc-section-end\"><\/span><\/h4>\n<p>Una cookie es un fichero que se descarga en su ordenador al acceder a determinadas p\u00e1ginas web. Las cookies permiten a una p\u00e1gina web, entre otras cosas, almacenar y recuperar informaci\u00f3n sobre los h\u00e1bitos de navegaci\u00f3n de un usuario o de su equipo y, dependiendo de la informaci\u00f3n que contengan y de la forma en que utilice su equipo, pueden utilizarse para reconocer al usuario.<\/p>\n<h4><span class=\"ez-toc-section\" id=\"Tipos_de_cookies_utilizadas_en_esta_web\"><\/span>Tipos de cookies utilizadas en esta web<span class=\"ez-toc-section-end\"><\/span><\/h4>\n<ul>\n<li>\n<p><strong>Cookies t\u00e9cnicas y de personalizaci\u00f3n:<\/strong> Son aquellas necesarias para la navegaci\u00f3n y el buen funcionamiento de nuestra p\u00e1gina web, as\u00ed como para recordar sus preferencias de configuraci\u00f3n.<\/p>\n<\/li>\n<li>\n<p><strong>Cookies de an\u00e1lisis:<\/strong> Son aquellas que nos permiten cuantificar el n\u00famero de usuarios y realizar la medici\u00f3n y an\u00e1lisis estad\u00edstico de la utilizaci\u00f3n que hacen los usuarios del servicio ofertado (por ejemplo, mediante Google Analytics).<\/p>\n<\/li>\n<\/ul>\n<h4><span class=\"ez-toc-section\" id=\"Configuracion_y_desactivacion\"><\/span>Configuraci\u00f3n y desactivaci\u00f3n<span class=\"ez-toc-section-end\"><\/span><\/h4>\n<p>Puede usted permitir, bloquear o eliminar las cookies instaladas en su equipo mediante la configuraci\u00f3n de las opciones del navegador instalado en su ordenador (Chrome, Safari, Firefox, Edge, etc.).<\/p>\n<\/div>\n\t\t\t\t\t\t\t\t<\/div>\n\t\t\t\t<\/div>\n\t\t\t\t\t<\/div>\n\t\t\t\t<\/div>\n\t\t\t\t<\/div>\n\t\t","protected":false},"excerpt":{"rendered":"<p>En Aglami utilizamos cookies propias y de terceros para mejorar nuestros servicios y mostrarle publicidad relacionada con sus preferencias mediante [&hellip;]<\/p>\n","protected":false},"author":1,"featured_media":0,"parent":0,"menu_order":0,"comment_status":"closed","ping_status":"closed","template":"","meta":{"_eb_attr":"","om_disable_all_campaigns":false,"site-sidebar-layout":"default","site-content-layout":"","ast-site-content-layout":"default","site-content-style":"default","site-sidebar-style":"default","ast-global-header-display":"","ast-banner-title-visibility":"","ast-main-header-display":"","ast-hfb-above-header-display":"","ast-hfb-below-header-display":"","ast-hfb-mobile-header-display":"","site-post-title":"","ast-breadcrumbs-content":"","ast-featured-img":"","footer-sml-layout":"","theme-transparent-header-meta":"","adv-header-id-meta":"","stick-header-meta":"","header-above-stick-meta":"","header-main-stick-meta":"","header-below-stick-meta":"","astra-migrate-meta-layouts":"set","ast-page-background-enabled":"default","ast-page-background-meta":{"desktop":{"background-color":"var(--ast-global-color-4)","background-image":"","background-repeat":"repeat","background-position":"center center","background-size":"auto","background-attachment":"scroll","background-type":"","background-media":"","overlay-type":"","overlay-color":"","overlay-opacity":"","overlay-gradient":""},"tablet":{"background-color":"","background-image":"","background-repeat":"repeat","background-position":"center center","background-size":"auto","background-attachment":"scroll","background-type":"","background-media":"","overlay-type":"","overlay-color":"","overlay-opacity":"","overlay-gradient":""},"mobile":{"background-color":"","background-image":"","background-repeat":"repeat","background-position":"center center","background-size":"auto","background-attachment":"scroll","background-type":"","background-media":"","overlay-type":"","overlay-color":"","overlay-opacity":"","overlay-gradient":""}},"ast-content-background-meta":{"desktop":{"background-color":"var(--ast-global-color-5)","background-image":"","background-repeat":"repeat","background-position":"center center","background-size":"auto","background-attachment":"scroll","background-type":"","background-media":"","overlay-type":"","overlay-color":"","overlay-opacity":"","overlay-gradient":""},"tablet":{"background-color":"var(--ast-global-color-5)","background-image":"","background-repeat":"repeat","background-position":"center center","background-size":"auto","background-attachment":"scroll","background-type":"","background-media":"","overlay-type":"","overlay-color":"","overlay-opacity":"","overlay-gradient":""},"mobile":{"background-color":"var(--ast-global-color-5)","background-image":"","background-repeat":"repeat","background-position":"center center","background-size":"auto","background-attachment":"scroll","background-type":"","background-media":"","overlay-type":"","overlay-color":"","overlay-opacity":"","overlay-gradient":""}},"footnotes":""},"class_list":["post-2566","page","type-page","status-publish","hentry"],"jetpack_sharing_enabled":true,"_links":{"self":[{"href":"https:\/\/tbartet.mkmp1.com.es\/tbartetwp\/wp-json\/wp\/v2\/pages\/2566","targetHints":{"allow":["GET"]}}],"collection":[{"href":"https:\/\/tbartet.mkmp1.com.es\/tbartetwp\/wp-json\/wp\/v2\/pages"}],"about":[{"href":"https:\/\/tbartet.mkmp1.com.es\/tbartetwp\/wp-json\/wp\/v2\/types\/page"}],"author":[{"embeddable":true,"href":"https:\/\/tbartet.mkmp1.com.es\/tbartetwp\/wp-json\/wp\/v2\/users\/1"}],"replies":[{"embeddable":true,"href":"https:\/\/tbartet.mkmp1.com.es\/tbartetwp\/wp-json\/wp\/v2\/comments?post=2566"}],"version-history":[{"count":7,"href":"https:\/\/tbartet.mkmp1.com.es\/tbartetwp\/wp-json\/wp\/v2\/pages\/2566\/revisions"}],"predecessor-version":[{"id":2785,"href":"https:\/\/tbartet.mkmp1.com.es\/tbartetwp\/wp-json\/wp\/v2\/pages\/2566\/revisions\/2785"}],"wp:attachment":[{"href":"https:\/\/tbartet.mkmp1.com.es\/tbartetwp\/wp-json\/wp\/v2\/media?parent=2566"}],"curies":[{"name":"wp","href":"https:\/\/api.w.org\/{rel}","templated":true}]}}