{"id":1665,"date":"2025-11-19T23:09:32","date_gmt":"2025-11-19T23:09:32","guid":{"rendered":"https:\/\/tbartet.mkmp1.com.es\/tbartetwp\/?page_id=1665"},"modified":"2025-12-01T18:47:09","modified_gmt":"2025-12-01T18:47:09","slug":"despierta-y-brilla","status":"publish","type":"page","link":"https:\/\/tbartet.mkmp1.com.es\/tbartetwp\/despierta-y-brilla\/","title":{"rendered":"Despierta y brilla"},"content":{"rendered":"\t\t<div data-elementor-type=\"wp-page\" data-elementor-id=\"1665\" class=\"elementor elementor-1665\">\n\t\t\t\t<div class=\"elementor-element elementor-element-738f9287 e-flex e-con-boxed e-con e-parent\" data-id=\"738f9287\" data-element_type=\"container\">\n\t\t\t\t\t<div class=\"e-con-inner\">\n\t\t\t\t<div class=\"elementor-element elementor-element-35ec31f elementor-widget elementor-widget-heading\" data-id=\"35ec31f\" data-element_type=\"widget\" data-widget_type=\"heading.default\">\n\t\t\t\t<div class=\"elementor-widget-container\">\n\t\t\t\t\t<h2 class=\"elementor-heading-title elementor-size-default\"><span class=\"ez-toc-section\" id=\"Despierta_y_Brilla_%E2%9C%A8\"><\/span>Despierta y Brilla \u2728<span class=\"ez-toc-section-end\"><\/span><\/h2>\t\t\t\t<\/div>\n\t\t\t\t<\/div>\n\t\t\t\t<div class=\"elementor-element elementor-element-2164b2d elementor-widget elementor-widget-heading\" data-id=\"2164b2d\" data-element_type=\"widget\" data-widget_type=\"heading.default\">\n\t\t\t\t<div class=\"elementor-widget-container\">\n\t\t\t\t\t<h3 class=\"elementor-heading-title elementor-size-default\"><span class=\"ez-toc-section\" id=\"Parches_de_ojos_Aglami_Revitaliza_tu_mirada_al_instante\"><\/span>Parches de ojos Aglami:<br>Revitaliza tu mirada al instante<span class=\"ez-toc-section-end\"><\/span><\/h3>\t\t\t\t<\/div>\n\t\t\t\t<\/div>\n\t\t\t\t<div class=\"elementor-element elementor-element-5ae3faf3 elementor-widget elementor-widget-text-editor\" data-id=\"5ae3faf3\" data-element_type=\"widget\" data-widget_type=\"text-editor.default\">\n\t\t\t\t<div class=\"elementor-widget-container\">\n\t\t\t\t\t\t\t\t\t\n<p style=\"text-align: left;\">Reduce bolsas y ojeras con nuestra f\u00f3rmula de cafe\u00edna y \u00e1cido hialur\u00f3nico.<\/p>\n\t\t\t\t\t\t\t\t<\/div>\n\t\t\t\t<\/div>\n\t\t\t\t\t<\/div>\n\t\t\t\t<\/div>\n\t\t<div class=\"elementor-element elementor-element-e771aa7 e-flex e-con-boxed e-con e-parent\" data-id=\"e771aa7\" data-element_type=\"container\">\n\t\t\t\t\t<div class=\"e-con-inner\">\n\t\t\t\t<div class=\"elementor-element elementor-element-15ba754 elementor-widget elementor-widget-image\" data-id=\"15ba754\" data-element_type=\"widget\" data-widget_type=\"image.default\">\n\t\t\t\t<div class=\"elementor-widget-container\">\n\t\t\t\t\t\t\t\t\t\t\t\t\t\t\t<img fetchpriority=\"high\" decoding=\"async\" width=\"1025\" height=\"576\" src=\"https:\/\/tbartet.mkmp1.com.es\/tbartetwp\/wp-content\/uploads\/2025\/12\/Encabezado-promocion-1.png\" class=\"attachment-full size-full wp-image-2236\" alt=\"encabezado promocio\u0301n\" srcset=\"https:\/\/tbartet.mkmp1.com.es\/tbartetwp\/wp-content\/uploads\/2025\/12\/Encabezado-promocion-1.png 1025w, https:\/\/tbartet.mkmp1.com.es\/tbartetwp\/wp-content\/uploads\/2025\/12\/Encabezado-promocion-1-600x337.png 600w, https:\/\/tbartet.mkmp1.com.es\/tbartetwp\/wp-content\/uploads\/2025\/12\/Encabezado-promocion-1-300x169.png 300w, https:\/\/tbartet.mkmp1.com.es\/tbartetwp\/wp-content\/uploads\/2025\/12\/Encabezado-promocion-1-768x432.png 768w\" sizes=\"(max-width: 1025px) 100vw, 1025px\" title=\"Despierta y brilla\">\t\t\t\t\t\t\t\t\t\t\t\t\t\t\t<\/div>\n\t\t\t\t<\/div>\n\t\t<div class=\"elementor-element elementor-element-8679dca e-con-full e-flex e-con e-child\" data-id=\"8679dca\" data-element_type=\"container\" data-settings=\"{&quot;background_background&quot;:&quot;classic&quot;}\">\n\t\t<div class=\"elementor-element elementor-element-90d0832 e-con-full e-flex e-con e-child\" data-id=\"90d0832\" data-element_type=\"container\" data-settings=\"{&quot;background_background&quot;:&quot;classic&quot;}\">\n\t\t\t\t<div class=\"elementor-element elementor-element-4f9b936 elementor-position-top elementor-widget elementor-widget-image-box\" data-id=\"4f9b936\" data-element_type=\"widget\" data-widget_type=\"image-box.default\">\n\t\t\t\t<div class=\"elementor-widget-container\">\n\t\t\t\t\t<div class=\"elementor-image-box-wrapper\"><figure class=\"elementor-image-box-img\"><img decoding=\"async\" width=\"388\" height=\"412\" src=\"https:\/\/tbartet.mkmp1.com.es\/tbartetwp\/wp-content\/uploads\/2025\/12\/Icono-gota.png\" class=\"attachment-full size-full wp-image-2250\" alt=\"icono gota\" title=\"Despierta y brilla\" srcset=\"https:\/\/tbartet.mkmp1.com.es\/tbartetwp\/wp-content\/uploads\/2025\/12\/Icono-gota.png 388w, https:\/\/tbartet.mkmp1.com.es\/tbartetwp\/wp-content\/uploads\/2025\/12\/Icono-gota-283x300.png 283w\" sizes=\"(max-width: 388px) 100vw, 388px\" \/><\/figure><div class=\"elementor-image-box-content\"><h4 class=\"elementor-image-box-title\"><span class=\"ez-toc-section\" id=\"Hidratacion_Profunda\"><\/span>Hidrataci\u00f3n Profunda<span class=\"ez-toc-section-end\"><\/span><\/h4><p class=\"elementor-image-box-description\">Hidrataci\u00f3n profunda con extracto de caf\u00e9 y \u00e1cido hialur\u00f3nico. \n<br>Mantienen la piel tersa, luminosa y visiblemente revitalizada.<\/p><\/div><\/div>\t\t\t\t<\/div>\n\t\t\t\t<\/div>\n\t\t\t\t<\/div>\n\t\t<div class=\"elementor-element elementor-element-4e8478c e-con-full e-flex e-con e-child\" data-id=\"4e8478c\" data-element_type=\"container\" data-settings=\"{&quot;background_background&quot;:&quot;classic&quot;}\">\n\t\t\t\t<div class=\"elementor-element elementor-element-c5a809b elementor-position-top elementor-widget elementor-widget-image-box\" data-id=\"c5a809b\" data-element_type=\"widget\" data-widget_type=\"image-box.default\">\n\t\t\t\t<div class=\"elementor-widget-container\">\n\t\t\t\t\t<div class=\"elementor-image-box-wrapper\"><figure class=\"elementor-image-box-img\"><img decoding=\"async\" width=\"403\" height=\"423\" src=\"https:\/\/tbartet.mkmp1.com.es\/tbartetwp\/wp-content\/uploads\/2025\/12\/Icono-desinflamacion.png\" class=\"attachment-full size-full wp-image-2249\" alt=\"icono desinflamacio\u0301n\" title=\"Despierta y brilla\" srcset=\"https:\/\/tbartet.mkmp1.com.es\/tbartetwp\/wp-content\/uploads\/2025\/12\/Icono-desinflamacion.png 403w, https:\/\/tbartet.mkmp1.com.es\/tbartetwp\/wp-content\/uploads\/2025\/12\/Icono-desinflamacion-286x300.png 286w\" sizes=\"(max-width: 403px) 100vw, 403px\" \/><\/figure><div class=\"elementor-image-box-content\"><h4 class=\"elementor-image-box-title\"><span class=\"ez-toc-section\" id=\"Desinflamante\"><\/span>Desinflamante<span class=\"ez-toc-section-end\"><\/span><\/h4><p class=\"elementor-image-box-description\">Reduce bolsas y ojeras con nuestra f\u00f3rmula desinflamante.<\/p><\/div><\/div>\t\t\t\t<\/div>\n\t\t\t\t<\/div>\n\t\t\t\t<\/div>\n\t\t<div class=\"elementor-element elementor-element-e76940f e-con-full e-flex e-con e-child\" data-id=\"e76940f\" data-element_type=\"container\" data-settings=\"{&quot;background_background&quot;:&quot;classic&quot;}\">\n\t\t\t\t<div class=\"elementor-element elementor-element-0fa619a elementor-position-top elementor-widget elementor-widget-image-box\" data-id=\"0fa619a\" data-element_type=\"widget\" data-widget_type=\"image-box.default\">\n\t\t\t\t<div class=\"elementor-widget-container\">\n\t\t\t\t\t<div class=\"elementor-image-box-wrapper\"><figure class=\"elementor-image-box-img\"><img loading=\"lazy\" decoding=\"async\" width=\"396\" height=\"407\" src=\"https:\/\/tbartet.mkmp1.com.es\/tbartetwp\/wp-content\/uploads\/2025\/12\/Icono-ilumina.png\" class=\"attachment-full size-full wp-image-2251\" alt=\"icono ilumina\" title=\"Despierta y brilla\" srcset=\"https:\/\/tbartet.mkmp1.com.es\/tbartetwp\/wp-content\/uploads\/2025\/12\/Icono-ilumina.png 396w, https:\/\/tbartet.mkmp1.com.es\/tbartetwp\/wp-content\/uploads\/2025\/12\/Icono-ilumina-292x300.png 292w\" sizes=\"(max-width: 396px) 100vw, 396px\" \/><\/figure><div class=\"elementor-image-box-content\"><h4 class=\"elementor-image-box-title\"><span class=\"ez-toc-section\" id=\"Iluminador\"><\/span>Iluminador<span class=\"ez-toc-section-end\"><\/span><\/h4><p class=\"elementor-image-box-description\">Iluminador para bolsas y ojeras: reduce la apariencia de cansancio y aporta una luz natural a la mirada.<\/p><\/div><\/div>\t\t\t\t<\/div>\n\t\t\t\t<\/div>\n\t\t\t\t<\/div>\n\t\t\t\t<\/div>\n\t\t\t\t<div class=\"elementor-element elementor-element-58de226 elementor-widget elementor-widget-button\" data-id=\"58de226\" data-element_type=\"widget\" data-widget_type=\"button.default\">\n\t\t\t\t<div class=\"elementor-widget-container\">\n\t\t\t\t\t\t\t\t\t<div class=\"elementor-button-wrapper\">\n\t\t\t\t\t<a class=\"elementor-button elementor-button-link elementor-size-sm\" href=\"#\">\n\t\t\t\t\t\t<span class=\"elementor-button-content-wrapper\">\n\t\t\t\t\t\t\t\t\t<span class=\"elementor-button-text\">PR\u00d3XIMAMENTE<\/span>\n\t\t\t\t\t<\/span>\n\t\t\t\t\t<\/a>\n\t\t\t\t<\/div>\n\t\t\t\t\t\t\t\t<\/div>\n\t\t\t\t<\/div>\n\t\t\t\t\t<\/div>\n\t\t\t\t<\/div>\n\t\t\t\t<\/div>\n\t\t","protected":false},"excerpt":{"rendered":"<p>Despierta y Brilla \u2728 Parches de ojos Aglami:Revitaliza tu mirada al instante Reduce bolsas y ojeras con nuestra f\u00f3rmula de [&hellip;]<\/p>\n","protected":false},"author":1,"featured_media":2236,"parent":0,"menu_order":0,"comment_status":"closed","ping_status":"closed","template":"elementor_header_footer","meta":{"_eb_attr":"","om_disable_all_campaigns":false,"site-sidebar-layout":"default","site-content-layout":"","ast-site-content-layout":"default","site-content-style":"default","site-sidebar-style":"default","ast-global-header-display":"","ast-banner-title-visibility":"","ast-main-header-display":"","ast-hfb-above-header-display":"","ast-hfb-below-header-display":"","ast-hfb-mobile-header-display":"","site-post-title":"disabled","ast-breadcrumbs-content":"","ast-featured-img":"","footer-sml-layout":"","theme-transparent-header-meta":"","adv-header-id-meta":"","stick-header-meta":"","header-above-stick-meta":"","header-main-stick-meta":"","header-below-stick-meta":"","astra-migrate-meta-layouts":"set","ast-page-background-enabled":"default","ast-page-background-meta":{"desktop":{"background-color":"var(--ast-global-color-4)","background-image":"","background-repeat":"repeat","background-position":"center center","background-size":"auto","background-attachment":"scroll","background-type":"","background-media":"","overlay-type":"","overlay-color":"","overlay-opacity":"","overlay-gradient":""},"tablet":{"background-color":"","background-image":"","background-repeat":"repeat","background-position":"center center","background-size":"auto","background-attachment":"scroll","background-type":"","background-media":"","overlay-type":"","overlay-color":"","overlay-opacity":"","overlay-gradient":""},"mobile":{"background-color":"","background-image":"","background-repeat":"repeat","background-position":"center center","background-size":"auto","background-attachment":"scroll","background-type":"","background-media":"","overlay-type":"","overlay-color":"","overlay-opacity":"","overlay-gradient":""}},"ast-content-background-meta":{"desktop":{"background-color":"var(--ast-global-color-5)","background-image":"","background-repeat":"repeat","background-position":"center center","background-size":"auto","background-attachment":"scroll","background-type":"","background-media":"","overlay-type":"","overlay-color":"","overlay-opacity":"","overlay-gradient":""},"tablet":{"background-color":"var(--ast-global-color-5)","background-image":"","background-repeat":"repeat","background-position":"center center","background-size":"auto","background-attachment":"scroll","background-type":"","background-media":"","overlay-type":"","overlay-color":"","overlay-opacity":"","overlay-gradient":""},"mobile":{"background-color":"var(--ast-global-color-5)","background-image":"","background-repeat":"repeat","background-position":"center center","background-size":"auto","background-attachment":"scroll","background-type":"","background-media":"","overlay-type":"","overlay-color":"","overlay-opacity":"","overlay-gradient":""}},"footnotes":""},"class_list":["post-1665","page","type-page","status-publish","has-post-thumbnail","hentry"],"jetpack_sharing_enabled":true,"_links":{"self":[{"href":"https:\/\/tbartet.mkmp1.com.es\/tbartetwp\/wp-json\/wp\/v2\/pages\/1665","targetHints":{"allow":["GET"]}}],"collection":[{"href":"https:\/\/tbartet.mkmp1.com.es\/tbartetwp\/wp-json\/wp\/v2\/pages"}],"about":[{"href":"https:\/\/tbartet.mkmp1.com.es\/tbartetwp\/wp-json\/wp\/v2\/types\/page"}],"author":[{"embeddable":true,"href":"https:\/\/tbartet.mkmp1.com.es\/tbartetwp\/wp-json\/wp\/v2\/users\/1"}],"replies":[{"embeddable":true,"href":"https:\/\/tbartet.mkmp1.com.es\/tbartetwp\/wp-json\/wp\/v2\/comments?post=1665"}],"version-history":[{"count":23,"href":"https:\/\/tbartet.mkmp1.com.es\/tbartetwp\/wp-json\/wp\/v2\/pages\/1665\/revisions"}],"predecessor-version":[{"id":2254,"href":"https:\/\/tbartet.mkmp1.com.es\/tbartetwp\/wp-json\/wp\/v2\/pages\/1665\/revisions\/2254"}],"wp:featuredmedia":[{"embeddable":true,"href":"https:\/\/tbartet.mkmp1.com.es\/tbartetwp\/wp-json\/wp\/v2\/media\/2236"}],"wp:attachment":[{"href":"https:\/\/tbartet.mkmp1.com.es\/tbartetwp\/wp-json\/wp\/v2\/media?parent=1665"}],"curies":[{"name":"wp","href":"https:\/\/api.w.org\/{rel}","templated":true}]}}